{"id":13918,"date":"2021-11-11T17:37:18","date_gmt":"2021-11-11T17:37:18","guid":{"rendered":"https:\/\/segvauto.es\/?page_id=13918"},"modified":"2021-12-23T08:27:20","modified_gmt":"2021-12-23T08:27:20","slug":"contacto","status":"publish","type":"page","link":"https:\/\/segvauto.es\/en\/contacto\/","title":{"rendered":"CONTACT"},"content":{"rendered":"<p>[et_pb_section fb_built=\u00bb1&#8243; fullwidth=\u00bbon\u00bb _builder_version=\u00bb4.10.8&#8243; _module_preset=\u00bbdefault\u00bb global_colors_info=\u00bb{}\u00bb][et_pb_fullwidth_header title=\u00bbContacto\u00bb text_orientation=\u00bbcenter\u00bb content_max_width=\u00bbnone\u00bb _builder_version=\u00bb4.10.8&#8243; title_font=\u00bb|600||||on|||\u00bb title_text_align=\u00bbcenter\u00bb title_text_color=\u00bb#f5f5f5&#8243; title_font_size=\u00bb40px\u00bb background_color=\u00bb#707070&#8243; background_layout=\u00bblight\u00bb min_height=\u00bb49px\u00bb custom_margin=\u00bb||1px|||\u00bb custom_padding=\u00bb6px||6px|||\u00bb global_colors_info=\u00bb{}\u00bb button_one_text_size__hover_enabled=\u00bboff\u00bb button_two_text_size__hover_enabled=\u00bboff\u00bb button_one_text_color__hover_enabled=\u00bboff\u00bb button_two_text_color__hover_enabled=\u00bboff\u00bb button_one_border_width__hover_enabled=\u00bboff\u00bb button_two_border_width__hover_enabled=\u00bboff\u00bb button_one_border_color__hover_enabled=\u00bboff\u00bb button_two_border_color__hover_enabled=\u00bboff\u00bb button_one_border_radius__hover_enabled=\u00bboff\u00bb button_two_border_radius__hover_enabled=\u00bboff\u00bb button_one_letter_spacing__hover_enabled=\u00bboff\u00bb button_two_letter_spacing__hover_enabled=\u00bboff\u00bb button_one_bg_color__hover_enabled=\u00bboff\u00bb button_two_bg_color__hover_enabled=\u00bboff\u00bb][\/et_pb_fullwidth_header][\/et_pb_section][et_pb_section fb_built=\u00bb1&#8243; _builder_version=\u00bb3.22&#8243; custom_padding=\u00bb0px||0px|||\u00bb global_colors_info=\u00bb{}\u00bb][et_pb_row _builder_version=\u00bb4.10.8&#8243; _module_preset=\u00bbdefault\u00bb border_color_all=\u00bb#FFFFFF\u00bb global_colors_info=\u00bb{}\u00bb][et_pb_column type=\u00bb4_4&#8243; _builder_version=\u00bb4.10.8&#8243; _module_preset=\u00bbdefault\u00bb global_colors_info=\u00bb{}\u00bb][et_pb_contact_form title=\u00bbFormulario de Contacto\u00bb success_message=\u00bbMensaje enviado correctamente.\u00bb _builder_version=\u00bb4.10.8&#8243; _module_preset=\u00bbdefault\u00bb title_font=\u00bb|600||||on|||\u00bb title_text_align=\u00bbcenter\u00bb title_text_color=\u00bb#707070&#8243; border_radii=\u00bbon|5px|5px|5px|5px\u00bb border_width_all=\u00bb1px\u00bb border_color_all=\u00bb#707070&#8243; global_colors_info=\u00bb{}\u00bb][et_pb_contact_field field_id=\u00bbName\u00bb field_title=\u00bbIntroduzca su Nombre\u00bb _builder_version=\u00bb4.10.8&#8243; global_colors_info=\u00bb{}\u00bb button_text_size__hover_enabled=\u00bboff\u00bb button_one_text_size__hover_enabled=\u00bboff\u00bb button_two_text_size__hover_enabled=\u00bboff\u00bb button_text_color__hover_enabled=\u00bboff\u00bb button_one_text_color__hover_enabled=\u00bboff\u00bb button_two_text_color__hover_enabled=\u00bboff\u00bb button_border_width__hover_enabled=\u00bboff\u00bb button_one_border_width__hover_enabled=\u00bboff\u00bb button_two_border_width__hover_enabled=\u00bboff\u00bb button_border_color__hover_enabled=\u00bboff\u00bb button_one_border_color__hover_enabled=\u00bboff\u00bb button_two_border_color__hover_enabled=\u00bboff\u00bb button_border_radius__hover_enabled=\u00bboff\u00bb button_one_border_radius__hover_enabled=\u00bboff\u00bb button_two_border_radius__hover_enabled=\u00bboff\u00bb button_letter_spacing__hover_enabled=\u00bboff\u00bb button_one_letter_spacing__hover_enabled=\u00bboff\u00bb button_two_letter_spacing__hover_enabled=\u00bboff\u00bb button_bg_color__hover_enabled=\u00bboff\u00bb button_one_bg_color__hover_enabled=\u00bboff\u00bb button_two_bg_color__hover_enabled=\u00bboff\u00bb][\/et_pb_contact_field][et_pb_contact_field field_id=\u00bbEmail\u00bb field_title=\u00bbIntroduzca su Correo Electr\u00f3nico\u00bb field_type=\u00bbemail\u00bb _builder_version=\u00bb4.10.8&#8243; global_colors_info=\u00bb{}\u00bb button_text_size__hover_enabled=\u00bboff\u00bb button_one_text_size__hover_enabled=\u00bboff\u00bb button_two_text_size__hover_enabled=\u00bboff\u00bb button_text_color__hover_enabled=\u00bboff\u00bb button_one_text_color__hover_enabled=\u00bboff\u00bb button_two_text_color__hover_enabled=\u00bboff\u00bb button_border_width__hover_enabled=\u00bboff\u00bb button_one_border_width__hover_enabled=\u00bboff\u00bb button_two_border_width__hover_enabled=\u00bboff\u00bb button_border_color__hover_enabled=\u00bboff\u00bb button_one_border_color__hover_enabled=\u00bboff\u00bb button_two_border_color__hover_enabled=\u00bboff\u00bb button_border_radius__hover_enabled=\u00bboff\u00bb button_one_border_radius__hover_enabled=\u00bboff\u00bb button_two_border_radius__hover_enabled=\u00bboff\u00bb button_letter_spacing__hover_enabled=\u00bboff\u00bb button_one_letter_spacing__hover_enabled=\u00bboff\u00bb button_two_letter_spacing__hover_enabled=\u00bboff\u00bb button_bg_color__hover_enabled=\u00bboff\u00bb button_one_bg_color__hover_enabled=\u00bboff\u00bb button_two_bg_color__hover_enabled=\u00bboff\u00bb][\/et_pb_contact_field][et_pb_contact_field field_id=\u00bbAsunto\u00bb field_title=\u00bbAsunto\u00bb required_mark=\u00bboff\u00bb _builder_version=\u00bb4.10.8&#8243; global_colors_info=\u00bb{}\u00bb button_text_size__hover_enabled=\u00bboff\u00bb button_one_text_size__hover_enabled=\u00bboff\u00bb button_two_text_size__hover_enabled=\u00bboff\u00bb button_text_color__hover_enabled=\u00bboff\u00bb button_one_text_color__hover_enabled=\u00bboff\u00bb button_two_text_color__hover_enabled=\u00bboff\u00bb button_border_width__hover_enabled=\u00bboff\u00bb button_one_border_width__hover_enabled=\u00bboff\u00bb button_two_border_width__hover_enabled=\u00bboff\u00bb button_border_color__hover_enabled=\u00bboff\u00bb button_one_border_color__hover_enabled=\u00bboff\u00bb button_two_border_color__hover_enabled=\u00bboff\u00bb button_border_radius__hover_enabled=\u00bboff\u00bb button_one_border_radius__hover_enabled=\u00bboff\u00bb button_two_border_radius__hover_enabled=\u00bboff\u00bb button_letter_spacing__hover_enabled=\u00bboff\u00bb button_one_letter_spacing__hover_enabled=\u00bboff\u00bb button_two_letter_spacing__hover_enabled=\u00bboff\u00bb button_bg_color__hover_enabled=\u00bboff\u00bb button_one_bg_color__hover_enabled=\u00bboff\u00bb button_two_bg_color__hover_enabled=\u00bboff\u00bb][\/et_pb_contact_field][et_pb_contact_field field_id=\u00bbMessage\u00bb field_title=\u00bbIntroduzca su Mensaje\u00bb field_type=\u00bbtext\u00bb fullwidth_field=\u00bbon\u00bb _builder_version=\u00bb4.10.8&#8243; global_colors_info=\u00bb{}\u00bb button_text_size__hover_enabled=\u00bboff\u00bb button_one_text_size__hover_enabled=\u00bboff\u00bb button_two_text_size__hover_enabled=\u00bboff\u00bb button_text_color__hover_enabled=\u00bboff\u00bb button_one_text_color__hover_enabled=\u00bboff\u00bb button_two_text_color__hover_enabled=\u00bboff\u00bb button_border_width__hover_enabled=\u00bboff\u00bb button_one_border_width__hover_enabled=\u00bboff\u00bb button_two_border_width__hover_enabled=\u00bboff\u00bb button_border_color__hover_enabled=\u00bboff\u00bb button_one_border_color__hover_enabled=\u00bboff\u00bb button_two_border_color__hover_enabled=\u00bboff\u00bb button_border_radius__hover_enabled=\u00bboff\u00bb button_one_border_radius__hover_enabled=\u00bboff\u00bb button_two_border_radius__hover_enabled=\u00bboff\u00bb button_letter_spacing__hover_enabled=\u00bboff\u00bb button_one_letter_spacing__hover_enabled=\u00bboff\u00bb button_two_letter_spacing__hover_enabled=\u00bboff\u00bb button_bg_color__hover_enabled=\u00bboff\u00bb button_one_bg_color__hover_enabled=\u00bboff\u00bb button_two_bg_color__hover_enabled=\u00bboff\u00bb][\/et_pb_contact_field][et_pb_contact_field field_id=\u00bbField_5&#8243; field_title=\u00bbAceptaci\u00f3n Ley de protecci\u00f3n de datos\u00bb field_type=\u00bbcheckbox\u00bb checkbox_options=\u00bb%91{%22value%22:%22Quiero ser informado de otras actividades, novedades, productos o servicios.%22,%22checked%22:0,%22dragID%22:-1},{%22value%22:%22He le\u00eddo y acepto el Aviso Legal y la Pol\u00edtica de privacidad, as\u00ed como la Informaci\u00f3n de protecci\u00f3n de datos. %22,%22checked%22:0,%22dragID%22:0}%93&#8243; fullwidth_field=\u00bbon\u00bb _builder_version=\u00bb4.10.8&#8243; _module_preset=\u00bbdefault\u00bb text_orientation=\u00bbleft\u00bb global_colors_info=\u00bb{}\u00bb][\/et_pb_contact_field][\/et_pb_contact_form][et_pb_text _builder_version=\u00bb4.10.8&#8243; _module_preset=\u00bbdefault\u00bb background_color=\u00bb#dddddd\u00bb hover_enabled=\u00bb0&#8243; global_colors_info=\u00bb{}\u00bb custom_margin=\u00bb||||false|false\u00bb custom_padding=\u00bb20px|20px|20px|20px|false|false\u00bb sticky_enabled=\u00bb0&#8243;]<\/p>\n<h4 style=\"text-align: justify;\"><strong>Datos del responsable del tratamiento:<br \/><\/strong><strong><\/strong><\/h4>\n<p style=\"text-align: justify;\"><span><strong>Identidad:<\/strong> UPM-INSIA &#8211; NIF: Q2818015F<br \/><\/span><span><strong>Direcci\u00f3n postal:<\/strong> CAMPUS SUR DE LA UPM. Ctra. de Valencia km. 7 28031 Madrid<br \/><\/span><span><strong>Tel\u00e9fono:<\/strong> 910678850<br \/><\/span><span><strong>Correo electr\u00f3nico:<\/strong> insia.insia@upm.es<\/span><\/p>\n<p style=\"text-align: justify;\"><span><\/span><\/p>\n<p style=\"text-align: justify;\"><span>\u201cEn INSIA tratamos la informaci\u00f3n que nos facilita con el fin de prestarles el servicio solicitado o enviarle la informaci\u00f3n requerida. Los datos proporcionados se conservar\u00e1n mientras no nos solicite el cese de la actividad. Los datos no se ceder\u00e1n a terceros salvo en los casos en que exista una obligaci\u00f3n legal. Usted tiene derecho a obtener informaci\u00f3n sobre si en INSIA estamos tratando sus datos personales, por lo que puede ejercer sus derechos de acceso, rectificaci\u00f3n, supresi\u00f3n y portabilidad de datos y oposici\u00f3n y limitaci\u00f3n a su tratamiento ante INSIA, CAMPUS SUR DE LA UPM. Ctra. de Valencia km. 7 28031 Madrid o en la direcci\u00f3n de correo electr\u00f3nico insia.insia@upm.es, adjuntando copia de su DNI o documento equivalente. Asimismo, y especialmente si considera que no ha obtenido satisfacci\u00f3n plena en el ejercicio de sus derechos, podr\u00e1 presentar una reclamaci\u00f3n ante la autoridad nacional de control dirigi\u00e9ndose a estos efectos a la Agencia Espa\u00f1ola de Protecci\u00f3n de Datos, C\/ Jorge Juan, 6 \u2013 28001 Madrid. <\/span><\/p>\n<p style=\"text-align: justify;\"><span>Asimismo, solicitamos su autorizaci\u00f3n para enviarle publicidad relacionada con nuestros productos y servicios por cualquier medio (postal, email o tel\u00e9fono) e invitarle a eventos organizados por el Instituto.\u201d<\/span><\/p>\n<p>[\/et_pb_text][\/et_pb_column][\/et_pb_row][\/et_pb_section][et_pb_section fb_built=\u00bb1&#8243; fullwidth=\u00bbon\u00bb _builder_version=\u00bb4.10.8&#8243; _module_preset=\u00bbdefault\u00bb global_colors_info=\u00bb{}\u00bb][et_pb_fullwidth_code _builder_version=\u00bb4.10.8&#8243; _module_preset=\u00bbdefault\u00bb background_color=\u00bb#707070&#8243; min_height=\u00bb48px\u00bb global_colors_info=\u00bb{}\u00bb][\/et_pb_fullwidth_code][\/et_pb_section]<\/p>\n","protected":false},"excerpt":{"rendered":"<p>Datos del responsable del tratamiento: Identidad: UPM-INSIA &#8211; NIF: Q2818015FDirecci\u00f3n postal: CAMPUS SUR DE LA UPM. Ctra. de Valencia km. 7 28031 MadridTel\u00e9fono: 910678850Correo electr\u00f3nico: insia.insia@upm.es \u201cEn INSIA tratamos la informaci\u00f3n que nos facilita con el fin de prestarles el servicio solicitado o enviarle la informaci\u00f3n requerida. Los datos proporcionados se conservar\u00e1n mientras no nos [&hellip;]<\/p>\n","protected":false},"author":1,"featured_media":0,"parent":0,"menu_order":0,"comment_status":"closed","ping_status":"closed","template":"","meta":{"_et_pb_use_builder":"on","_et_pb_old_content":"","_et_gb_content_width":"","footnotes":""},"class_list":["post-13918","page","type-page","status-publish","hentry"],"yoast_head":"<!-- This site is optimized with the Yoast SEO plugin v27.3 - https:\/\/yoast.com\/product\/yoast-seo-wordpress\/ -->\n<title>CONTACTO - Segvauto-5G-CM<\/title>\n<meta name=\"robots\" content=\"index, follow, max-snippet:-1, max-image-preview:large, max-video-preview:-1\" \/>\n<link rel=\"canonical\" href=\"https:\/\/segvauto.es\/en\/contacto\/\" \/>\n<meta property=\"og:locale\" content=\"en_GB\" \/>\n<meta property=\"og:type\" content=\"article\" \/>\n<meta property=\"og:title\" content=\"CONTACTO - Segvauto-5G-CM\" \/>\n<meta property=\"og:description\" content=\"Datos del responsable del tratamiento: Identidad: UPM-INSIA - NIF: Q2818015FDirecci\u00f3n postal: CAMPUS SUR DE LA UPM. Ctra. de Valencia km. 7 28031 MadridTel\u00e9fono: 910678850Correo electr\u00f3nico: insia.insia@upm.es \u201cEn INSIA tratamos la informaci\u00f3n que nos facilita con el fin de prestarles el servicio solicitado o enviarle la informaci\u00f3n requerida. Los datos proporcionados se conservar\u00e1n mientras no nos [&hellip;]\" \/>\n<meta property=\"og:url\" content=\"https:\/\/segvauto.es\/en\/contacto\/\" \/>\n<meta property=\"og:site_name\" content=\"Segvauto-5G-CM\" \/>\n<meta property=\"article:modified_time\" content=\"2021-12-23T08:27:20+00:00\" \/>\n<meta name=\"twitter:card\" content=\"summary_large_image\" \/>\n<meta name=\"twitter:label1\" content=\"Estimated reading time\" \/>\n\t<meta name=\"twitter:data1\" content=\"7 minutes\" \/>\n<script type=\"application\/ld+json\" class=\"yoast-schema-graph\">{\"@context\":\"https:\\\/\\\/schema.org\",\"@graph\":[{\"@type\":\"WebPage\",\"@id\":\"https:\\\/\\\/segvauto.es\\\/contacto\\\/\",\"url\":\"https:\\\/\\\/segvauto.es\\\/contacto\\\/\",\"name\":\"CONTACTO - Segvauto-5G-CM\",\"isPartOf\":{\"@id\":\"https:\\\/\\\/segvauto.es\\\/#website\"},\"datePublished\":\"2021-11-11T17:37:18+00:00\",\"dateModified\":\"2021-12-23T08:27:20+00:00\",\"breadcrumb\":{\"@id\":\"https:\\\/\\\/segvauto.es\\\/contacto\\\/#breadcrumb\"},\"inLanguage\":\"en-GB\",\"potentialAction\":[{\"@type\":\"ReadAction\",\"target\":[\"https:\\\/\\\/segvauto.es\\\/contacto\\\/\"]}]},{\"@type\":\"BreadcrumbList\",\"@id\":\"https:\\\/\\\/segvauto.es\\\/contacto\\\/#breadcrumb\",\"itemListElement\":[{\"@type\":\"ListItem\",\"position\":1,\"name\":\"Portada\",\"item\":\"https:\\\/\\\/segvauto.es\\\/\"},{\"@type\":\"ListItem\",\"position\":2,\"name\":\"CONTACTO\"}]},{\"@type\":\"WebSite\",\"@id\":\"https:\\\/\\\/segvauto.es\\\/#website\",\"url\":\"https:\\\/\\\/segvauto.es\\\/\",\"name\":\"Segvauto-5G-CM\",\"description\":\"Segvauto-5G-CM\",\"potentialAction\":[{\"@type\":\"SearchAction\",\"target\":{\"@type\":\"EntryPoint\",\"urlTemplate\":\"https:\\\/\\\/segvauto.es\\\/?s={search_term_string}\"},\"query-input\":{\"@type\":\"PropertyValueSpecification\",\"valueRequired\":true,\"valueName\":\"search_term_string\"}}],\"inLanguage\":\"en-GB\"}]}<\/script>\n<!-- \/ Yoast SEO plugin. -->","yoast_head_json":{"title":"CONTACTO - Segvauto-5G-CM","robots":{"index":"index","follow":"follow","max-snippet":"max-snippet:-1","max-image-preview":"max-image-preview:large","max-video-preview":"max-video-preview:-1"},"canonical":"https:\/\/segvauto.es\/en\/contacto\/","og_locale":"en_GB","og_type":"article","og_title":"CONTACTO - Segvauto-5G-CM","og_description":"Datos del responsable del tratamiento: Identidad: UPM-INSIA - NIF: Q2818015FDirecci\u00f3n postal: CAMPUS SUR DE LA UPM. Ctra. de Valencia km. 7 28031 MadridTel\u00e9fono: 910678850Correo electr\u00f3nico: insia.insia@upm.es \u201cEn INSIA tratamos la informaci\u00f3n que nos facilita con el fin de prestarles el servicio solicitado o enviarle la informaci\u00f3n requerida. Los datos proporcionados se conservar\u00e1n mientras no nos [&hellip;]","og_url":"https:\/\/segvauto.es\/en\/contacto\/","og_site_name":"Segvauto-5G-CM","article_modified_time":"2021-12-23T08:27:20+00:00","twitter_card":"summary_large_image","twitter_misc":{"Estimated reading time":"7 minutes"},"schema":{"@context":"https:\/\/schema.org","@graph":[{"@type":"WebPage","@id":"https:\/\/segvauto.es\/contacto\/","url":"https:\/\/segvauto.es\/contacto\/","name":"CONTACTO - Segvauto-5G-CM","isPartOf":{"@id":"https:\/\/segvauto.es\/#website"},"datePublished":"2021-11-11T17:37:18+00:00","dateModified":"2021-12-23T08:27:20+00:00","breadcrumb":{"@id":"https:\/\/segvauto.es\/contacto\/#breadcrumb"},"inLanguage":"en-GB","potentialAction":[{"@type":"ReadAction","target":["https:\/\/segvauto.es\/contacto\/"]}]},{"@type":"BreadcrumbList","@id":"https:\/\/segvauto.es\/contacto\/#breadcrumb","itemListElement":[{"@type":"ListItem","position":1,"name":"Portada","item":"https:\/\/segvauto.es\/"},{"@type":"ListItem","position":2,"name":"CONTACTO"}]},{"@type":"WebSite","@id":"https:\/\/segvauto.es\/#website","url":"https:\/\/segvauto.es\/","name":"Segvauto-5G-CM","description":"Segvauto-5G-CM","potentialAction":[{"@type":"SearchAction","target":{"@type":"EntryPoint","urlTemplate":"https:\/\/segvauto.es\/?s={search_term_string}"},"query-input":{"@type":"PropertyValueSpecification","valueRequired":true,"valueName":"search_term_string"}}],"inLanguage":"en-GB"}]}},"_links":{"self":[{"href":"https:\/\/segvauto.es\/en\/wp-json\/wp\/v2\/pages\/13918","targetHints":{"allow":["GET"]}}],"collection":[{"href":"https:\/\/segvauto.es\/en\/wp-json\/wp\/v2\/pages"}],"about":[{"href":"https:\/\/segvauto.es\/en\/wp-json\/wp\/v2\/types\/page"}],"author":[{"embeddable":true,"href":"https:\/\/segvauto.es\/en\/wp-json\/wp\/v2\/users\/1"}],"replies":[{"embeddable":true,"href":"https:\/\/segvauto.es\/en\/wp-json\/wp\/v2\/comments?post=13918"}],"version-history":[{"count":9,"href":"https:\/\/segvauto.es\/en\/wp-json\/wp\/v2\/pages\/13918\/revisions"}],"predecessor-version":[{"id":14345,"href":"https:\/\/segvauto.es\/en\/wp-json\/wp\/v2\/pages\/13918\/revisions\/14345"}],"wp:attachment":[{"href":"https:\/\/segvauto.es\/en\/wp-json\/wp\/v2\/media?parent=13918"}],"curies":[{"name":"wp","href":"https:\/\/api.w.org\/{rel}","templated":true}]}}