{"id":217,"date":"2021-11-11T10:55:45","date_gmt":"2021-11-11T10:55:45","guid":{"rendered":"https:\/\/segvauto.es\/?page_id=217"},"modified":"2021-11-12T14:09:45","modified_gmt":"2021-11-12T14:09:45","slug":"formacion","status":"publish","type":"page","link":"https:\/\/segvauto.es\/en\/formacion\/","title":{"rendered":"TRAINING"},"content":{"rendered":"<p>[et_pb_section fb_built=\u00bb1&#8243; fullwidth=\u00bbon\u00bb _builder_version=\u00bb4.10.8&#8243; _module_preset=\u00bbdefault\u00bb global_colors_info=\u00bb{}\u00bb][et_pb_fullwidth_header title=\u00bbActividades de Formaci\u00f3n\u00bb text_orientation=\u00bbcenter\u00bb content_max_width=\u00bbnone\u00bb _builder_version=\u00bb4.10.8&#8243; title_font=\u00bb|600||||on|||\u00bb title_text_align=\u00bbcenter\u00bb title_text_color=\u00bb#f5f5f5&#8243; title_font_size=\u00bb40px\u00bb background_color=\u00bb#707070&#8243; background_layout=\u00bblight\u00bb min_height=\u00bb49px\u00bb custom_margin=\u00bb||1px|||\u00bb custom_padding=\u00bb6px||6px|||\u00bb global_colors_info=\u00bb{}\u00bb button_one_text_size__hover_enabled=\u00bboff\u00bb button_two_text_size__hover_enabled=\u00bboff\u00bb button_one_text_color__hover_enabled=\u00bboff\u00bb button_two_text_color__hover_enabled=\u00bboff\u00bb button_one_border_width__hover_enabled=\u00bboff\u00bb button_two_border_width__hover_enabled=\u00bboff\u00bb button_one_border_color__hover_enabled=\u00bboff\u00bb button_two_border_color__hover_enabled=\u00bboff\u00bb button_one_border_radius__hover_enabled=\u00bboff\u00bb button_two_border_radius__hover_enabled=\u00bboff\u00bb button_one_letter_spacing__hover_enabled=\u00bboff\u00bb button_two_letter_spacing__hover_enabled=\u00bboff\u00bb button_one_bg_color__hover_enabled=\u00bboff\u00bb button_two_bg_color__hover_enabled=\u00bboff\u00bb][\/et_pb_fullwidth_header][\/et_pb_section][et_pb_section fb_built=\u00bb1&#8243; _builder_version=\u00bb3.22&#8243; custom_padding=\u00bb0px||0px|||\u00bb global_colors_info=\u00bb{}\u00bb][et_pb_row _builder_version=\u00bb4.10.8&#8243; _module_preset=\u00bbdefault\u00bb min_height=\u00bb807.4px\u00bb custom_margin=\u00bb1px|auto||auto||\u00bb custom_padding=\u00bb4px||6px|||\u00bb global_colors_info=\u00bb{}\u00bb][et_pb_column type=\u00bb4_4&#8243; _builder_version=\u00bb4.10.8&#8243; _module_preset=\u00bbdefault\u00bb global_colors_info=\u00bb{}\u00bb][et_pb_text ul_item_indent=\u00bb25px\u00bb ol_item_indent=\u00bb20px\u00bb _builder_version=\u00bb4.10.8&#8243; _module_preset=\u00bbdefault\u00bb ul_text_align=\u00bbjustify\u00bb ol_text_align=\u00bbjustify\u00bb custom_padding=\u00bb40px||40px|||\u00bb global_colors_info=\u00bb{}\u00bb]<\/p>\n<p><strong>Introducci\u00f3n<\/strong><\/p>\n<p>Las actividades de investigaci\u00f3n relacionadas con el Programa, se pueden incorporar en diversos cursos de posgrado, tanto en las titulaciones de M\u00e1ster como en cursos intensivos m\u00e1s especializados. En el seno de los grupos que forman el consorcio, se imparten Titulaciones Oficiales de Postgrado, incluyendo asignaturas, cursos especializados, todos ellos relacionados con el programa, a saber:<\/p>\n<p><strong>Postgrado<\/strong><\/p>\n<ul>\n<li><span>Programa de Doctorado en Ingenier\u00eda Mec\u00e1nica<\/span>, impartido en la Escuela T\u00e9cnica Superior de Ingenieros Industriales de la UPM, este programa se orienta a la Ingenier\u00eda Mec\u00e1nica en general, pero incidiendo con m\u00e1s \u00e9nfasis en \u00e1reas como: Mec\u00e1nica Computacional, Ingenier\u00eda S\u00edsmica, Ingenier\u00eda de Fabricaci\u00f3n, Ingenier\u00eda de Veh\u00edculos y Transportes, etc.<\/li>\n<li><span>Programa de Doctorado en Tecnolog\u00edas de la Informaci\u00f3n y las Comunicaciones<\/span><span>\u00a0<\/span>de la UAH\u00a0(cuenta con la Menci\u00f3n de Calidad del Ministerio de Educaci\u00f3n desde 2010).<\/li>\n<li><span>Programa de Doctorado en Ciencias y Tecnolog\u00edas de la Computaci\u00f3n para Smart cities<\/span><span>\u00a0<\/span>de la\u00a0Escuela T\u00e9cnica Superior de Ingenier\u00eda de Sistemas Inform\u00e1ticos de la UPM.<\/li>\n<li><span>M\u00e1ster en Ingenier\u00eda de los Veh\u00edculos H\u00edbridos y El\u00e9ctricos<\/span><\/li>\n<li><span>M\u00e1ster en Ingenier\u00eda de Automoci\u00f3n<\/span><\/li>\n<li><span>El Master de Ingenier\u00eda Mec\u00e1nica<\/span><span>\u00a0<\/span>impartido en la Escuela T\u00e9cnica Superior de Ingenieros Industriales de la UPM, con 60 ECTS. En este master los investigadores del Programa imparten aproximadamente el 25% de los cr\u00e9ditos.<\/li>\n<li><span>M\u00e1ster Universitario en Eficiencia Energ\u00e9tica en la Edificaci\u00f3n, la Industria y el Transporte<\/span>, de la Universidad Polit\u00e9cnica de Madrid (MEE). Se trata de un programa de posgrado oficial, con Plan de Estudios Intercentros y procesos formativos compartidos, en cuya docencia participan profesores de varios centros de la Universidad Polit\u00e9cnica de Madrid (UPM). Uno de los centros que imparten la titulaci\u00f3n es el Instituto Universitario de Investigaci\u00f3n del Autom\u00f3vil (INSIA).<\/li>\n<\/ul>\n<p>Investigadores del programa tambi\u00e9n participan en la impartici\u00f3n de otros Master como son:<\/p>\n<ul>\n<li>Master en Energ\u00eda.<\/li>\n<li>Master en F\u00edsica Aplicada.<\/li>\n<li>Master en Energ\u00edas Renovables y Medio Ambiente.<\/li>\n<li>Master en Tecnolog\u00edas del Hidr\u00f3geno y Pilas de Combustible.<\/li>\n<li>Master en Sistemas Electr\u00f3nicos Avanzados. An\u00e1lisis f\u00edsicoqu\u00edmico instrumental y control de calidad<\/li>\n<li>(Pinturas y Materiales).<\/li>\n<li>Master en Tecnolog\u00edas \u00d3pticas y de la Imagen.<\/li>\n<li>Master en Nuevas Tecnolog\u00edas en Electr\u00f3nica y Fot\u00f3nica.<\/li>\n<li>Master en Desarrollo de Aplicaciones y Servicios para Dispositivos M\u00f3viles. M\u00e1ster en Rob\u00f3tica y Automatizaci\u00f3n.<\/li>\n<li>M\u00e1ster Universitario en Ingenier\u00eda Inform\u00e1tica.<\/li>\n<\/ul>\n<p><strong>OTRA<\/strong><strong>S ACTIVIDADES DE FORMACI\u00d3N (CURSOS, SEMINARIOS):<\/strong> Actividades de formaci\u00f3n pensadas para un p\u00fablico no necesariamente graduado y especialmente enfocadas a estudiantes y usuarios. En este apartado, son destacables las colaboraciones en:<\/p>\n<ul>\n<li><strong>Curso<\/strong><strong>s de verano<span>\u00a0<\/span><\/strong>de la UPM en el Real Sitio de San Ildefonso (La Granja, Segovia), realizados desde el inicio del Programa, su tem\u00e1tica ha ido variando.<\/li>\n<li><strong>Curso<\/strong><strong>s de verano<span>\u00a0<\/span><\/strong>de la Universidad Complutense de Madrid que ha realizado el curso titulado: \u00abHacia un modelo de ciudad inteligente: Nuevas infraestructuras de servicios para el ciudadano.\u00bb<\/li>\n<li><strong>Curso<\/strong><strong>s de especializaci\u00f3n<\/strong>:\n<ul>\n<li>Curso de Especializaci\u00f3n en Veh\u00edculos H\u00edbridos y El\u00e9ctricos.<\/li>\n<li>Curso de \u00abInvestigaci\u00f3n y Reconstrucci\u00f3n de Accidentes de Tr\u00e1fico\u00bb.<\/li>\n<\/ul>\n<\/li>\n<li>Cursos de Tac\u00f3grafos.<\/li>\n<li>Curso sobre Utilizaci\u00f3n del Maniqu\u00ed Hybrid\u00adIII 50th male en ensayos STANAG 4569\u00ad2012.<\/li>\n<\/ul>\n<p>[\/et_pb_text][\/et_pb_column][\/et_pb_row][et_pb_row column_structure=\u00bb1_3,1_3,1_3&#8243; _builder_version=\u00bb4.10.8&#8243; _module_preset=\u00bbdefault\u00bb custom_margin=\u00bb||||false|false\u00bb custom_padding=\u00bb||||false|false\u00bb border_color_all=\u00bb#0C71C3&#8243; global_colors_info=\u00bb{}\u00bb][et_pb_column type=\u00bb1_3&#8243; _builder_version=\u00bb4.10.8&#8243; _module_preset=\u00bbdefault\u00bb filter_opacity=\u00bb90%\u00bb border_color_all=\u00bb#FFFFFF\u00bb global_colors_info=\u00bb{}\u00bb][et_pb_image src=\u00bbhttps:\/\/segvauto.es\/wp-content\/uploads\/2021\/11\/AULA-puig-adam-300&#215;200-1.jpg\u00bb title_text=\u00bbAULA-puig-adam-300&#215;200&#8243; _builder_version=\u00bb4.10.8&#8243; _module_preset=\u00bbdefault\u00bb global_colors_info=\u00bb{}\u00bb][\/et_pb_image][\/et_pb_column][et_pb_column type=\u00bb1_3&#8243; _builder_version=\u00bb4.10.8&#8243; _module_preset=\u00bbdefault\u00bb filter_opacity=\u00bb90%\u00bb global_colors_info=\u00bb{}\u00bb][et_pb_image src=\u00bbhttps:\/\/segvauto.es\/wp-content\/uploads\/2021\/11\/14094373978_57314bbdc8_o.jpg\u00bb title_text=\u00bbGroupe de jeunes adultes en formation commerciale\u00bb _builder_version=\u00bb4.10.8&#8243; _module_preset=\u00bbdefault\u00bb global_colors_info=\u00bb{}\u00bb][\/et_pb_image][\/et_pb_column][et_pb_column type=\u00bb1_3&#8243; _builder_version=\u00bb4.10.8&#8243; _module_preset=\u00bbdefault\u00bb filter_opacity=\u00bb90%\u00bb global_colors_info=\u00bb{}\u00bb][et_pb_image src=\u00bbhttps:\/\/segvauto.es\/wp-content\/uploads\/2021\/11\/5197709787_e23f26ab17_o.jpg\u00bb title_text=\u00bb5197709787_e23f26ab17_o\u00bb _builder_version=\u00bb4.10.8&#8243; _module_preset=\u00bbdefault\u00bb global_colors_info=\u00bb{}\u00bb][\/et_pb_image][\/et_pb_column][\/et_pb_row][\/et_pb_section][et_pb_section fb_built=\u00bb1&#8243; fullwidth=\u00bbon\u00bb _builder_version=\u00bb4.10.8&#8243; _module_preset=\u00bbdefault\u00bb global_colors_info=\u00bb{}\u00bb][et_pb_fullwidth_code _builder_version=\u00bb4.10.8&#8243; _module_preset=\u00bbdefault\u00bb background_color=\u00bb#707070&#8243; min_height=\u00bb48px\u00bb global_colors_info=\u00bb{}\u00bb][\/et_pb_fullwidth_code][\/et_pb_section]<\/p>\n","protected":false},"excerpt":{"rendered":"<p>Introducci\u00f3n Las actividades de investigaci\u00f3n relacionadas con el Programa, se pueden incorporar en diversos cursos de posgrado, tanto en las titulaciones de M\u00e1ster como en cursos intensivos m\u00e1s especializados. En el seno de los grupos que forman el consorcio, se imparten Titulaciones Oficiales de Postgrado, incluyendo asignaturas, cursos especializados, todos ellos relacionados con el programa, [&hellip;]<\/p>\n","protected":false},"author":1,"featured_media":0,"parent":0,"menu_order":0,"comment_status":"closed","ping_status":"closed","template":"","meta":{"_et_pb_use_builder":"on","_et_pb_old_content":"","_et_gb_content_width":"","footnotes":""},"class_list":["post-217","page","type-page","status-publish","hentry"],"yoast_head":"<!-- This site is optimized with the Yoast SEO plugin v27.3 - https:\/\/yoast.com\/product\/yoast-seo-wordpress\/ -->\n<title>FORMACI\u00d3N - Segvauto-5G-CM<\/title>\n<meta name=\"robots\" content=\"index, follow, max-snippet:-1, max-image-preview:large, max-video-preview:-1\" \/>\n<link rel=\"canonical\" href=\"https:\/\/segvauto.es\/en\/formacion\/\" \/>\n<meta property=\"og:locale\" content=\"en_GB\" \/>\n<meta property=\"og:type\" content=\"article\" \/>\n<meta property=\"og:title\" content=\"FORMACI\u00d3N - Segvauto-5G-CM\" \/>\n<meta property=\"og:description\" content=\"Introducci\u00f3n Las actividades de investigaci\u00f3n relacionadas con el Programa, se pueden incorporar en diversos cursos de posgrado, tanto en las titulaciones de M\u00e1ster como en cursos intensivos m\u00e1s especializados. En el seno de los grupos que forman el consorcio, se imparten Titulaciones Oficiales de Postgrado, incluyendo asignaturas, cursos especializados, todos ellos relacionados con el programa, [&hellip;]\" \/>\n<meta property=\"og:url\" content=\"https:\/\/segvauto.es\/en\/formacion\/\" \/>\n<meta property=\"og:site_name\" content=\"Segvauto-5G-CM\" \/>\n<meta property=\"article:modified_time\" content=\"2021-11-12T14:09:45+00:00\" \/>\n<meta name=\"twitter:card\" content=\"summary_large_image\" \/>\n<meta name=\"twitter:label1\" content=\"Estimated reading time\" \/>\n\t<meta name=\"twitter:data1\" content=\"5 minutes\" \/>\n<script type=\"application\/ld+json\" class=\"yoast-schema-graph\">{\"@context\":\"https:\\\/\\\/schema.org\",\"@graph\":[{\"@type\":\"WebPage\",\"@id\":\"https:\\\/\\\/segvauto.es\\\/formacion\\\/\",\"url\":\"https:\\\/\\\/segvauto.es\\\/formacion\\\/\",\"name\":\"FORMACI\u00d3N - Segvauto-5G-CM\",\"isPartOf\":{\"@id\":\"https:\\\/\\\/segvauto.es\\\/#website\"},\"datePublished\":\"2021-11-11T10:55:45+00:00\",\"dateModified\":\"2021-11-12T14:09:45+00:00\",\"breadcrumb\":{\"@id\":\"https:\\\/\\\/segvauto.es\\\/formacion\\\/#breadcrumb\"},\"inLanguage\":\"en-GB\",\"potentialAction\":[{\"@type\":\"ReadAction\",\"target\":[\"https:\\\/\\\/segvauto.es\\\/formacion\\\/\"]}]},{\"@type\":\"BreadcrumbList\",\"@id\":\"https:\\\/\\\/segvauto.es\\\/formacion\\\/#breadcrumb\",\"itemListElement\":[{\"@type\":\"ListItem\",\"position\":1,\"name\":\"Portada\",\"item\":\"https:\\\/\\\/segvauto.es\\\/\"},{\"@type\":\"ListItem\",\"position\":2,\"name\":\"FORMACI\u00d3N\"}]},{\"@type\":\"WebSite\",\"@id\":\"https:\\\/\\\/segvauto.es\\\/#website\",\"url\":\"https:\\\/\\\/segvauto.es\\\/\",\"name\":\"Segvauto-5G-CM\",\"description\":\"Segvauto-5G-CM\",\"potentialAction\":[{\"@type\":\"SearchAction\",\"target\":{\"@type\":\"EntryPoint\",\"urlTemplate\":\"https:\\\/\\\/segvauto.es\\\/?s={search_term_string}\"},\"query-input\":{\"@type\":\"PropertyValueSpecification\",\"valueRequired\":true,\"valueName\":\"search_term_string\"}}],\"inLanguage\":\"en-GB\"}]}<\/script>\n<!-- \/ Yoast SEO plugin. -->","yoast_head_json":{"title":"FORMACI\u00d3N - Segvauto-5G-CM","robots":{"index":"index","follow":"follow","max-snippet":"max-snippet:-1","max-image-preview":"max-image-preview:large","max-video-preview":"max-video-preview:-1"},"canonical":"https:\/\/segvauto.es\/en\/formacion\/","og_locale":"en_GB","og_type":"article","og_title":"FORMACI\u00d3N - Segvauto-5G-CM","og_description":"Introducci\u00f3n Las actividades de investigaci\u00f3n relacionadas con el Programa, se pueden incorporar en diversos cursos de posgrado, tanto en las titulaciones de M\u00e1ster como en cursos intensivos m\u00e1s especializados. En el seno de los grupos que forman el consorcio, se imparten Titulaciones Oficiales de Postgrado, incluyendo asignaturas, cursos especializados, todos ellos relacionados con el programa, [&hellip;]","og_url":"https:\/\/segvauto.es\/en\/formacion\/","og_site_name":"Segvauto-5G-CM","article_modified_time":"2021-11-12T14:09:45+00:00","twitter_card":"summary_large_image","twitter_misc":{"Estimated reading time":"5 minutes"},"schema":{"@context":"https:\/\/schema.org","@graph":[{"@type":"WebPage","@id":"https:\/\/segvauto.es\/formacion\/","url":"https:\/\/segvauto.es\/formacion\/","name":"FORMACI\u00d3N - Segvauto-5G-CM","isPartOf":{"@id":"https:\/\/segvauto.es\/#website"},"datePublished":"2021-11-11T10:55:45+00:00","dateModified":"2021-11-12T14:09:45+00:00","breadcrumb":{"@id":"https:\/\/segvauto.es\/formacion\/#breadcrumb"},"inLanguage":"en-GB","potentialAction":[{"@type":"ReadAction","target":["https:\/\/segvauto.es\/formacion\/"]}]},{"@type":"BreadcrumbList","@id":"https:\/\/segvauto.es\/formacion\/#breadcrumb","itemListElement":[{"@type":"ListItem","position":1,"name":"Portada","item":"https:\/\/segvauto.es\/"},{"@type":"ListItem","position":2,"name":"FORMACI\u00d3N"}]},{"@type":"WebSite","@id":"https:\/\/segvauto.es\/#website","url":"https:\/\/segvauto.es\/","name":"Segvauto-5G-CM","description":"Segvauto-5G-CM","potentialAction":[{"@type":"SearchAction","target":{"@type":"EntryPoint","urlTemplate":"https:\/\/segvauto.es\/?s={search_term_string}"},"query-input":{"@type":"PropertyValueSpecification","valueRequired":true,"valueName":"search_term_string"}}],"inLanguage":"en-GB"}]}},"_links":{"self":[{"href":"https:\/\/segvauto.es\/en\/wp-json\/wp\/v2\/pages\/217","targetHints":{"allow":["GET"]}}],"collection":[{"href":"https:\/\/segvauto.es\/en\/wp-json\/wp\/v2\/pages"}],"about":[{"href":"https:\/\/segvauto.es\/en\/wp-json\/wp\/v2\/types\/page"}],"author":[{"embeddable":true,"href":"https:\/\/segvauto.es\/en\/wp-json\/wp\/v2\/users\/1"}],"replies":[{"embeddable":true,"href":"https:\/\/segvauto.es\/en\/wp-json\/wp\/v2\/comments?post=217"}],"version-history":[{"count":8,"href":"https:\/\/segvauto.es\/en\/wp-json\/wp\/v2\/pages\/217\/revisions"}],"predecessor-version":[{"id":14081,"href":"https:\/\/segvauto.es\/en\/wp-json\/wp\/v2\/pages\/217\/revisions\/14081"}],"wp:attachment":[{"href":"https:\/\/segvauto.es\/en\/wp-json\/wp\/v2\/media?parent=217"}],"curies":[{"name":"wp","href":"https:\/\/api.w.org\/{rel}","templated":true}]}}