{"id":222,"date":"2021-11-11T10:58:56","date_gmt":"2021-11-11T10:58:56","guid":{"rendered":"https:\/\/segvauto.es\/?page_id=222"},"modified":"2025-05-05T09:17:43","modified_gmt":"2025-05-05T09:17:43","slug":"servicios","status":"publish","type":"page","link":"https:\/\/segvauto.es\/en\/servicios\/","title":{"rendered":"SERVICES"},"content":{"rendered":"<p>[et_pb_section fb_built=\u00bb1&#8243; fullwidth=\u00bbon\u00bb _builder_version=\u00bb4.16&#8243; _module_preset=\u00bbdefault\u00bb global_colors_info=\u00bb{}\u00bb][et_pb_fullwidth_header title=\u00bbServicios\u00bb text_orientation=\u00bbcenter\u00bb content_max_width=\u00bbnone\u00bb _builder_version=\u00bb4.16&#8243; title_font=\u00bb|600||||on|||\u00bb title_text_align=\u00bbcenter\u00bb title_text_color=\u00bb#f5f5f5&#8243; title_font_size=\u00bb40px\u00bb background_color=\u00bb#707070&#8243; background_layout=\u00bblight\u00bb min_height=\u00bb49px\u00bb custom_margin=\u00bb||1px|||\u00bb custom_padding=\u00bb6px||6px|||\u00bb global_colors_info=\u00bb{}\u00bb button_one_text_size__hover_enabled=\u00bboff\u00bb button_two_text_size__hover_enabled=\u00bboff\u00bb button_one_text_color__hover_enabled=\u00bboff\u00bb button_two_text_color__hover_enabled=\u00bboff\u00bb button_one_border_width__hover_enabled=\u00bboff\u00bb button_two_border_width__hover_enabled=\u00bboff\u00bb button_one_border_color__hover_enabled=\u00bboff\u00bb button_two_border_color__hover_enabled=\u00bboff\u00bb button_one_border_radius__hover_enabled=\u00bboff\u00bb button_two_border_radius__hover_enabled=\u00bboff\u00bb button_one_letter_spacing__hover_enabled=\u00bboff\u00bb button_two_letter_spacing__hover_enabled=\u00bboff\u00bb button_one_bg_color__hover_enabled=\u00bboff\u00bb button_two_bg_color__hover_enabled=\u00bboff\u00bb][\/et_pb_fullwidth_header][\/et_pb_section][et_pb_section fb_built=\u00bb1&#8243; _builder_version=\u00bb4.16&#8243; _module_preset=\u00bbdefault\u00bb custom_padding=\u00bb||3px|||\u00bb global_colors_info=\u00bb{}\u00bb][et_pb_row column_structure=\u00bb3_5,2_5&#8243; _builder_version=\u00bb4.16&#8243; _module_preset=\u00bbdefault\u00bb custom_padding=\u00bb||49px|||\u00bb global_colors_info=\u00bb{}\u00bb][et_pb_column type=\u00bb3_5&#8243; _builder_version=\u00bb4.16&#8243; _module_preset=\u00bbdefault\u00bb global_colors_info=\u00bb{}\u00bb][et_pb_slider show_arrows=\u00bboff\u00bb show_pagination=\u00bboff\u00bb _builder_version=\u00bb4.16&#8243; _module_preset=\u00bbdefault\u00bb auto=\u00bbon\u00bb auto_speed=\u00bb4000&#8243; auto_ignore_hover=\u00bbon\u00bb global_colors_info=\u00bb{}\u00bb][et_pb_slide image=\u00bbhttps:\/\/segvauto.es\/wp-content\/uploads\/2021\/11\/Servicios-1.jpg\u00bb _builder_version=\u00bb4.16&#8243; _module_preset=\u00bbdefault\u00bb background_image=\u00bbhttps:\/\/segvauto.es\/wp-content\/uploads\/2021\/11\/Servicios-1.jpg\u00bb background_enable_image=\u00bbon\u00bb child_filter_opacity=\u00bb0%\u00bb child_mix_blend_mode=\u00bboverlay\u00bb border_radii_image=\u00bbon|5px|5px|5px|5px\u00bb border_color_all_image=\u00bb#0C71C3&#8243; border_style_all_image=\u00bbinset\u00bb global_colors_info=\u00bb{}\u00bb sticky_transition=\u00bbon\u00bb][\/et_pb_slide][et_pb_slide image=\u00bbhttps:\/\/segvauto.es\/wp-content\/uploads\/2021\/11\/Servicios-2.jpg\u00bb _builder_version=\u00bb4.16&#8243; _module_preset=\u00bbdefault\u00bb background_image=\u00bbhttps:\/\/segvauto.es\/wp-content\/uploads\/2021\/11\/Servicios-2.jpg\u00bb background_enable_image=\u00bbon\u00bb child_filter_opacity=\u00bb0%\u00bb child_mix_blend_mode=\u00bboverlay\u00bb border_color_all_image=\u00bbrgba(0,0,0,0)\u00bb border_style_all_image=\u00bbinset\u00bb global_colors_info=\u00bb{}\u00bb sticky_transition=\u00bbon\u00bb][\/et_pb_slide][et_pb_slide image=\u00bbhttps:\/\/segvauto.es\/wp-content\/uploads\/2021\/11\/Servicios-3.jpg\u00bb _builder_version=\u00bb4.16&#8243; _module_preset=\u00bbdefault\u00bb background_image=\u00bbhttps:\/\/segvauto.es\/wp-content\/uploads\/2021\/11\/Servicios-3.jpg\u00bb background_enable_image=\u00bbon\u00bb child_filter_opacity=\u00bb0%\u00bb child_mix_blend_mode=\u00bboverlay\u00bb border_color_all_image=\u00bb#0C71C3&#8243; border_style_all_image=\u00bbinset\u00bb global_colors_info=\u00bb{}\u00bb sticky_transition=\u00bbon\u00bb][\/et_pb_slide][et_pb_slide image=\u00bbhttps:\/\/segvauto.es\/wp-content\/uploads\/2021\/11\/Servicios-4.jpg\u00bb _builder_version=\u00bb4.16&#8243; _module_preset=\u00bbdefault\u00bb background_image=\u00bbhttps:\/\/segvauto.es\/wp-content\/uploads\/2021\/11\/Servicios-4.jpg\u00bb background_enable_image=\u00bbon\u00bb child_filter_opacity=\u00bb0%\u00bb child_mix_blend_mode=\u00bboverlay\u00bb border_color_all_image=\u00bb#0C71C3&#8243; border_style_all_image=\u00bbinset\u00bb global_colors_info=\u00bb{}\u00bb sticky_transition=\u00bbon\u00bb][\/et_pb_slide][\/et_pb_slider][\/et_pb_column][et_pb_column type=\u00bb2_5&#8243; _builder_version=\u00bb4.16&#8243; _module_preset=\u00bbdefault\u00bb global_colors_info=\u00bb{}\u00bb][et_pb_text _builder_version=\u00bb4.27.4&#8243; _module_preset=\u00bbdefault\u00bb text_text_color=\u00bb#000000&#8243; hover_enabled=\u00bb0&#8243; global_colors_info=\u00bb{}\u00bb sticky_enabled=\u00bb0&#8243;]<\/p>\n<div class=\"fusion-one-half fusion-layout-column fusion-column-last fusion-spacing-yes\">\n<div class=\"fusion-column-wrapper\">\n<h3><strong><span style=\"text-decoration: underline;\">SEGVAUTO &#8211; 5G &#8211; CM, servicios que se prestan<\/span><\/strong><\/h3>\n<p><strong><span style=\"text-decoration: underline;\"><\/span><\/strong><\/p>\n<p>El consorcio pone a disposici\u00f3n de la industria y de las empresas del sector de automoci\u00f3n u otros sectores afines, una serie de capacidades\u00a0cient\u00edfico\u00a0tecnol\u00f3gicas as\u00ed como sus infraestructuras, en forma de servicios tecnol\u00f3gicos:<\/p>\n<ul>\n<li>Medici\u00f3n de la geometr\u00eda de la carretera con veh\u00edculo instrumentado.<\/li>\n<li>Automatizaci\u00f3n y puesta en servicio de veh\u00edculos de carretera.<\/li>\n<li>Desarrollo de sistemas inteligentes de alerta al conductor.<\/li>\n<li>Desarrollo de sistemas activos anticolisi\u00f3n para veh\u00edculos.<\/li>\n<li>Desarrollo y ensayo de Sistemas de propulsi\u00f3n h\u00edbridos y el\u00e9ctricos<\/li>\n<li>Medida de consumos y emisiones en ciclo real.<\/li>\n<li>Ensayos de motores t\u00e9rmicos.<\/li>\n<li>Ensayos de neum\u00e1ticos.<\/li>\n<li>Ensayos de estabilidad lateral.<\/li>\n<li>Ensayos de vibraciones.<\/li>\n<li>Ensayos de fatiga.<\/li>\n<li>Ensayos de resistencia mec\u00e1nica.<\/li>\n<li>Ensayos clim\u00e1ticos, de corrosi\u00f3n y fuego.<\/li>\n<li>Calibraci\u00f3n de equipos de medici\u00f3n de tac\u00f3grafos y comprobadores del limitador de velocidad.<\/li>\n<li>Simulaci\u00f3n, c\u00e1lculo estructural y extensometr\u00eda.<\/li>\n<\/ul>\n<div class=\"fusion-clearfix\"><\/div>\n<\/div>\n<\/div>\n<div class=\"fusion-clearfix\"><\/div>\n<p>[\/et_pb_text][\/et_pb_column][\/et_pb_row][\/et_pb_section][et_pb_section fb_built=\u00bb1&#8243; _builder_version=\u00bb4.16&#8243; _module_preset=\u00bbdefault\u00bb custom_padding=\u00bb0px|||||\u00bb global_colors_info=\u00bb{}\u00bb][et_pb_row _builder_version=\u00bb4.16&#8243; _module_preset=\u00bbdefault\u00bb global_colors_info=\u00bb{}\u00bb][et_pb_column type=\u00bb4_4&#8243; _builder_version=\u00bb4.16&#8243; _module_preset=\u00bbdefault\u00bb global_colors_info=\u00bb{}\u00bb][et_pb_divider color=\u00bb#0C71C3&#8243; divider_position=\u00bbcenter\u00bb divider_weight=\u00bb1px\u00bb _builder_version=\u00bb4.16&#8243; _module_preset=\u00bbdefault\u00bb global_colors_info=\u00bb{}\u00bb][\/et_pb_divider][\/et_pb_column][\/et_pb_row][et_pb_row column_structure=\u00bb1_3,1_3,1_3&#8243; _builder_version=\u00bb4.16&#8243; background_size=\u00bbinitial\u00bb background_position=\u00bbtop_left\u00bb background_repeat=\u00bbrepeat\u00bb global_colors_info=\u00bb{}\u00bb][et_pb_column type=\u00bb1_3&#8243; _builder_version=\u00bb4.16&#8243; custom_padding=\u00bb|||\u00bb global_colors_info=\u00bb{}\u00bb custom_padding__hover=\u00bb|||\u00bb][et_pb_blurb title=\u00bbServicios Tecnol\u00f3gicos a Empresas\u00bb use_icon=\u00bbon\u00bb font_icon=\u00bb&#xe042;||divi||400&#8243; icon_color=\u00bb#2ea3f2&#8243; _builder_version=\u00bb4.16&#8243; header_level=\u00bbh3&#8243; header_font=\u00bb|600||on|||||\u00bb header_text_color=\u00bb#0c9ece\u00bb header_font_size=\u00bb22px\u00bb background_size=\u00bbinitial\u00bb background_position=\u00bbtop_left\u00bb background_repeat=\u00bbrepeat\u00bb text_orientation=\u00bbcenter\u00bb animation_style=\u00bbbounce\u00bb border_color_all=\u00bb#0c9ece\u00bb global_colors_info=\u00bb{}\u00bb]<\/p>\n<p>DESCUBRA LAS CAPACIDADES CIENT\u00cdFICAS DEL CONSORCIO A DISPOSICI\u00d3N DE TODAS LAS EMPRESAS\u00a0<\/p>\n<p>[\/et_pb_blurb][\/et_pb_column][et_pb_column type=\u00bb1_3&#8243; _builder_version=\u00bb4.16&#8243; custom_padding=\u00bb|||\u00bb global_colors_info=\u00bb{}\u00bb custom_padding__hover=\u00bb|||\u00bb][et_pb_blurb title=\u00bbFormaci\u00f3n de Postgrado y Especializada\u00bb use_icon=\u00bbon\u00bb font_icon=\u00bb&#xe059;||divi||400&#8243; icon_color=\u00bb#2ea3f2&#8243; _builder_version=\u00bb4.16&#8243; header_level=\u00bbh3&#8243; header_font=\u00bb|600||on|||||\u00bb header_text_color=\u00bb#0c9ece\u00bb header_font_size=\u00bb22px\u00bb background_size=\u00bbinitial\u00bb background_position=\u00bbtop_left\u00bb background_repeat=\u00bbrepeat\u00bb text_orientation=\u00bbcenter\u00bb border_color_all=\u00bb#0c9ece\u00bb global_colors_info=\u00bb{}\u00bb]<\/p>\n<p>\u00a0MASTER, DOCTORADO, CURSO ESPECIALIZADO\u00a0<\/p>\n<p>&nbsp;<\/p>\n<p>[\/et_pb_blurb][\/et_pb_column][et_pb_column type=\u00bb1_3&#8243; _builder_version=\u00bb4.16&#8243; custom_padding=\u00bb|||\u00bb global_colors_info=\u00bb{}\u00bb custom_padding__hover=\u00bb|||\u00bb][et_pb_blurb title=\u00bbInvestigaci\u00f3n\u00bb use_icon=\u00bbon\u00bb font_icon=\u00bb&#xe038;||divi||400&#8243; icon_color=\u00bb#2ea3f2&#8243; _builder_version=\u00bb4.16&#8243; header_level=\u00bbh3&#8243; header_font=\u00bb|600||on|||||\u00bb header_text_align=\u00bbcenter\u00bb header_text_color=\u00bb#0c9ece\u00bb background_size=\u00bbinitial\u00bb background_position=\u00bbtop_left\u00bb background_repeat=\u00bbrepeat\u00bb text_orientation=\u00bbcenter\u00bb animation_style=\u00bbbounce\u00bb border_color_all=\u00bb#0c9ece\u00bb global_colors_info=\u00bb{}\u00bb]<\/p>\n<p>\u00a0PROYECTOS DE INVESTIGACI\u00d3N<\/p>\n<p>[\/et_pb_blurb][\/et_pb_column][\/et_pb_row][\/et_pb_section][et_pb_section fb_built=\u00bb1&#8243; fullwidth=\u00bbon\u00bb _builder_version=\u00bb4.16&#8243; _module_preset=\u00bbdefault\u00bb global_colors_info=\u00bb{}\u00bb][et_pb_fullwidth_code _builder_version=\u00bb4.16&#8243; _module_preset=\u00bbdefault\u00bb background_color=\u00bb#707070&#8243; min_height=\u00bb48px\u00bb global_colors_info=\u00bb{}\u00bb][\/et_pb_fullwidth_code][\/et_pb_section]<\/p>\n","protected":false},"excerpt":{"rendered":"<p>SEGVAUTO &#8211; 5G &#8211; CM, servicios que se prestan El consorcio pone a disposici\u00f3n de la industria y de las empresas del sector de automoci\u00f3n u otros sectores afines, una serie de capacidades\u00a0cient\u00edfico\u00a0tecnol\u00f3gicas as\u00ed como sus infraestructuras, en forma de servicios tecnol\u00f3gicos: Medici\u00f3n de la geometr\u00eda de la carretera con veh\u00edculo instrumentado. Automatizaci\u00f3n y puesta [&hellip;]<\/p>\n","protected":false},"author":1,"featured_media":0,"parent":0,"menu_order":0,"comment_status":"closed","ping_status":"closed","template":"","meta":{"_et_pb_use_builder":"on","_et_pb_old_content":"","_et_gb_content_width":"","footnotes":""},"class_list":["post-222","page","type-page","status-publish","hentry"],"yoast_head":"<!-- This site is optimized with the Yoast SEO plugin v27.3 - https:\/\/yoast.com\/product\/yoast-seo-wordpress\/ -->\n<title>SERVICIOS - Segvauto-5G-CM<\/title>\n<meta name=\"robots\" content=\"index, follow, max-snippet:-1, max-image-preview:large, max-video-preview:-1\" \/>\n<link rel=\"canonical\" href=\"https:\/\/segvauto.es\/en\/servicios\/\" \/>\n<meta property=\"og:locale\" content=\"en_GB\" \/>\n<meta property=\"og:type\" content=\"article\" \/>\n<meta property=\"og:title\" content=\"SERVICIOS - Segvauto-5G-CM\" \/>\n<meta property=\"og:description\" content=\"SEGVAUTO - 5G - CM, servicios que se prestan El consorcio pone a disposici\u00f3n de la industria y de las empresas del sector de automoci\u00f3n u otros sectores afines, una serie de capacidades\u00a0cient\u00edfico\u00a0tecnol\u00f3gicas as\u00ed como sus infraestructuras, en forma de servicios tecnol\u00f3gicos: Medici\u00f3n de la geometr\u00eda de la carretera con veh\u00edculo instrumentado. Automatizaci\u00f3n y puesta [&hellip;]\" \/>\n<meta property=\"og:url\" content=\"https:\/\/segvauto.es\/en\/servicios\/\" \/>\n<meta property=\"og:site_name\" content=\"Segvauto-5G-CM\" \/>\n<meta property=\"article:modified_time\" content=\"2025-05-05T09:17:43+00:00\" \/>\n<meta name=\"twitter:card\" content=\"summary_large_image\" \/>\n<meta name=\"twitter:label1\" content=\"Estimated reading time\" \/>\n\t<meta name=\"twitter:data1\" content=\"2 minutes\" \/>\n<script type=\"application\/ld+json\" class=\"yoast-schema-graph\">{\"@context\":\"https:\\\/\\\/schema.org\",\"@graph\":[{\"@type\":\"WebPage\",\"@id\":\"https:\\\/\\\/segvauto.es\\\/servicios\\\/\",\"url\":\"https:\\\/\\\/segvauto.es\\\/servicios\\\/\",\"name\":\"SERVICIOS - Segvauto-5G-CM\",\"isPartOf\":{\"@id\":\"https:\\\/\\\/segvauto.es\\\/#website\"},\"datePublished\":\"2021-11-11T10:58:56+00:00\",\"dateModified\":\"2025-05-05T09:17:43+00:00\",\"breadcrumb\":{\"@id\":\"https:\\\/\\\/segvauto.es\\\/servicios\\\/#breadcrumb\"},\"inLanguage\":\"en-GB\",\"potentialAction\":[{\"@type\":\"ReadAction\",\"target\":[\"https:\\\/\\\/segvauto.es\\\/servicios\\\/\"]}]},{\"@type\":\"BreadcrumbList\",\"@id\":\"https:\\\/\\\/segvauto.es\\\/servicios\\\/#breadcrumb\",\"itemListElement\":[{\"@type\":\"ListItem\",\"position\":1,\"name\":\"Portada\",\"item\":\"https:\\\/\\\/segvauto.es\\\/\"},{\"@type\":\"ListItem\",\"position\":2,\"name\":\"SERVICIOS\"}]},{\"@type\":\"WebSite\",\"@id\":\"https:\\\/\\\/segvauto.es\\\/#website\",\"url\":\"https:\\\/\\\/segvauto.es\\\/\",\"name\":\"Segvauto-5G-CM\",\"description\":\"Segvauto-5G-CM\",\"potentialAction\":[{\"@type\":\"SearchAction\",\"target\":{\"@type\":\"EntryPoint\",\"urlTemplate\":\"https:\\\/\\\/segvauto.es\\\/?s={search_term_string}\"},\"query-input\":{\"@type\":\"PropertyValueSpecification\",\"valueRequired\":true,\"valueName\":\"search_term_string\"}}],\"inLanguage\":\"en-GB\"}]}<\/script>\n<!-- \/ Yoast SEO plugin. -->","yoast_head_json":{"title":"SERVICIOS - Segvauto-5G-CM","robots":{"index":"index","follow":"follow","max-snippet":"max-snippet:-1","max-image-preview":"max-image-preview:large","max-video-preview":"max-video-preview:-1"},"canonical":"https:\/\/segvauto.es\/en\/servicios\/","og_locale":"en_GB","og_type":"article","og_title":"SERVICIOS - Segvauto-5G-CM","og_description":"SEGVAUTO - 5G - CM, servicios que se prestan El consorcio pone a disposici\u00f3n de la industria y de las empresas del sector de automoci\u00f3n u otros sectores afines, una serie de capacidades\u00a0cient\u00edfico\u00a0tecnol\u00f3gicas as\u00ed como sus infraestructuras, en forma de servicios tecnol\u00f3gicos: Medici\u00f3n de la geometr\u00eda de la carretera con veh\u00edculo instrumentado. Automatizaci\u00f3n y puesta [&hellip;]","og_url":"https:\/\/segvauto.es\/en\/servicios\/","og_site_name":"Segvauto-5G-CM","article_modified_time":"2025-05-05T09:17:43+00:00","twitter_card":"summary_large_image","twitter_misc":{"Estimated reading time":"2 minutes"},"schema":{"@context":"https:\/\/schema.org","@graph":[{"@type":"WebPage","@id":"https:\/\/segvauto.es\/servicios\/","url":"https:\/\/segvauto.es\/servicios\/","name":"SERVICIOS - Segvauto-5G-CM","isPartOf":{"@id":"https:\/\/segvauto.es\/#website"},"datePublished":"2021-11-11T10:58:56+00:00","dateModified":"2025-05-05T09:17:43+00:00","breadcrumb":{"@id":"https:\/\/segvauto.es\/servicios\/#breadcrumb"},"inLanguage":"en-GB","potentialAction":[{"@type":"ReadAction","target":["https:\/\/segvauto.es\/servicios\/"]}]},{"@type":"BreadcrumbList","@id":"https:\/\/segvauto.es\/servicios\/#breadcrumb","itemListElement":[{"@type":"ListItem","position":1,"name":"Portada","item":"https:\/\/segvauto.es\/"},{"@type":"ListItem","position":2,"name":"SERVICIOS"}]},{"@type":"WebSite","@id":"https:\/\/segvauto.es\/#website","url":"https:\/\/segvauto.es\/","name":"Segvauto-5G-CM","description":"Segvauto-5G-CM","potentialAction":[{"@type":"SearchAction","target":{"@type":"EntryPoint","urlTemplate":"https:\/\/segvauto.es\/?s={search_term_string}"},"query-input":{"@type":"PropertyValueSpecification","valueRequired":true,"valueName":"search_term_string"}}],"inLanguage":"en-GB"}]}},"_links":{"self":[{"href":"https:\/\/segvauto.es\/en\/wp-json\/wp\/v2\/pages\/222","targetHints":{"allow":["GET"]}}],"collection":[{"href":"https:\/\/segvauto.es\/en\/wp-json\/wp\/v2\/pages"}],"about":[{"href":"https:\/\/segvauto.es\/en\/wp-json\/wp\/v2\/types\/page"}],"author":[{"embeddable":true,"href":"https:\/\/segvauto.es\/en\/wp-json\/wp\/v2\/users\/1"}],"replies":[{"embeddable":true,"href":"https:\/\/segvauto.es\/en\/wp-json\/wp\/v2\/comments?post=222"}],"version-history":[{"count":29,"href":"https:\/\/segvauto.es\/en\/wp-json\/wp\/v2\/pages\/222\/revisions"}],"predecessor-version":[{"id":14468,"href":"https:\/\/segvauto.es\/en\/wp-json\/wp\/v2\/pages\/222\/revisions\/14468"}],"wp:attachment":[{"href":"https:\/\/segvauto.es\/en\/wp-json\/wp\/v2\/media?parent=222"}],"curies":[{"name":"wp","href":"https:\/\/api.w.org\/{rel}","templated":true}]}}